{"id":2244,"date":"2025-09-23T17:04:14","date_gmt":"2025-09-23T17:04:14","guid":{"rendered":"https:\/\/reformasasensio.es\/?page_id=2244"},"modified":"2025-09-23T17:04:40","modified_gmt":"2025-09-23T17:04:40","slug":"aviso-legal","status":"publish","type":"page","link":"https:\/\/reformasasensio.es\/en\/aviso-legal\/","title":{"rendered":"Aviso Legal \u2013 Reformas Asensio"},"content":{"rendered":"<p>En cumplimiento con el deber de informaci\u00f3n recogido en el art\u00edculo 10 de la Ley 34\/2002, de 11 de julio, de Servicios de la Sociedad de la Informaci\u00f3n y de Comercio Electr\u00f3nico (LSSI-CE), se informa de los siguientes datos:<\/p>\n\n\n\n<h2 class=\"wp-block-heading\">1.Datos identificativos<\/h2>\n\n\n\n<p>Nombre comercial: Reformas Asensio<\/p>\n\n\n\n<p>Titular: Jos\u00e9 Antonio Asensio P\u00e9rez<\/p>\n\n\n\n<p>NIF\/CIF: 77437146X<\/p>\n\n\n\n<p>Domicilio: Pulp\u00ed (Almer\u00eda), Espa\u00f1a<\/p>\n\n\n\n<p>Tel\u00e9fono: 674 10 47 66<\/p>\n\n\n\n<p>Correo electr\u00f3nico: info@reformasasensio.es<\/p>\n\n\n\n<h2 class=\"wp-block-heading\">2.Objeto<\/h2>\n\n\n\n<p>El presente sitio web ha sido desarrollado con el fin de ofrecer informaci\u00f3n sobre los servicios de reformas y rehabilitaci\u00f3n que presta Reformas Asensio. El acceso y navegaci\u00f3n por este sitio web implica la aceptaci\u00f3n de los t\u00e9rminos de uso recogidos en este Aviso Legal.<\/p>\n\n\n\n<h2 class=\"wp-block-heading\">3.Condiciones de uso<\/h2>\n\n\n\n<p>El usuario se compromete a hacer un uso adecuado y l\u00edcito de los contenidos y servicios ofrecidos.<\/p>\n\n\n\n<p>Queda prohibido su uso con fines il\u00edcitos, que lesionen derechos e intereses de terceros o que puedan da\u00f1ar el sitio web.<\/p>\n\n\n\n<p>El titular se reserva el derecho a modificar, actualizar o eliminar los contenidos de la web sin previo aviso.<\/p>\n\n\n\n<h2 class=\"wp-block-heading\">4.Propiedad intelectual e industrial<\/h2>\n\n\n\n<p>Todos los contenidos de este sitio web (textos, im\u00e1genes, logotipos, dise\u00f1os, etc.) son propiedad de Reformas Asensio o cuentan con autorizaci\u00f3n de sus leg\u00edtimos titulares.<\/p>\n\n\n\n<p>Queda prohibida la reproducci\u00f3n, distribuci\u00f3n o transformaci\u00f3n de los mismos sin autorizaci\u00f3n expresa del titular.<\/p>\n\n\n\n<h2 class=\"wp-block-heading\">5.Responsabilidad<\/h2>\n\n\n\n<p><strong>Reformas Asensio<\/strong> no se hace responsable del mal uso que se realice de los contenidos del sitio web.<\/p>\n\n\n\n<p>Tampoco garantiza la ausencia de virus o elementos que puedan producir alteraciones en el sistema inform\u00e1tico del usuario.<\/p>\n\n\n\n<p>No se asume responsabilidad por los enlaces a otras p\u00e1ginas de terceros que se incluyan como recursos de informaci\u00f3n.<\/p>\n\n\n\n<h2 class=\"wp-block-heading\">6.Legislaci\u00f3n aplicable<\/h2>\n\n\n\n<p>La relaci\u00f3n entre Reformas Asensio y los usuarios de la p\u00e1gina web se regir\u00e1 por lo dispuesto en la normativa espa\u00f1ola vigente. Cualquier controversia se someter\u00e1 a los juzgados y tribunales de Almer\u00eda, salvo que la normativa de protecci\u00f3n de consumidores y usuarios establezca otra cosa.<\/p>","protected":false},"excerpt":{"rendered":"<p>En cumplimiento con el deber de informaci\u00f3n recogido en el art\u00edculo 10 de la Ley 34\/2002, de 11 de julio, de Servicios de la Sociedad de la Informaci\u00f3n y de Comercio Electr\u00f3nico (LSSI-CE), se informa de los siguientes datos: 1.Datos identificativos Nombre comercial: Reformas Asensio Titular: Jos\u00e9 Antonio Asensio P\u00e9rez NIF\/CIF: 77437146X Domicilio: Pulp\u00ed (Almer\u00eda), [&hellip;]<\/p>","protected":false},"author":1,"featured_media":0,"parent":0,"menu_order":0,"comment_status":"closed","ping_status":"closed","template":"","meta":{"_uag_custom_page_level_css":"","site-sidebar-layout":"default","site-content-layout":"","ast-site-content-layout":"default","site-content-style":"default","site-sidebar-style":"default","ast-global-header-display":"","ast-banner-title-visibility":"","ast-main-header-display":"","ast-hfb-above-header-display":"","ast-hfb-below-header-display":"","ast-hfb-mobile-header-display":"","site-post-title":"","ast-breadcrumbs-content":"","ast-featured-img":"","footer-sml-layout":"","theme-transparent-header-meta":"","adv-header-id-meta":"","stick-header-meta":"","header-above-stick-meta":"","header-main-stick-meta":"","header-below-stick-meta":"","astra-migrate-meta-layouts":"set","ast-page-background-enabled":"default","ast-page-background-meta":{"desktop":{"background-color":"var(--ast-global-color-4)","background-image":"","background-repeat":"repeat","background-position":"center center","background-size":"auto","background-attachment":"scroll","background-type":"","background-media":"","overlay-type":"","overlay-color":"","overlay-opacity":"","overlay-gradient":""},"tablet":{"background-color":"","background-image":"","background-repeat":"repeat","background-position":"center center","background-size":"auto","background-attachment":"scroll","background-type":"","background-media":"","overlay-type":"","overlay-color":"","overlay-opacity":"","overlay-gradient":""},"mobile":{"background-color":"","background-image":"","background-repeat":"repeat","background-position":"center center","background-size":"auto","background-attachment":"scroll","background-type":"","background-media":"","overlay-type":"","overlay-color":"","overlay-opacity":"","overlay-gradient":""}},"ast-content-background-meta":{"desktop":{"background-color":"var(--ast-global-color-5)","background-image":"","background-repeat":"repeat","background-position":"center center","background-size":"auto","background-attachment":"scroll","background-type":"","background-media":"","overlay-type":"","overlay-color":"","overlay-opacity":"","overlay-gradient":""},"tablet":{"background-color":"var(--ast-global-color-5)","background-image":"","background-repeat":"repeat","background-position":"center center","background-size":"auto","background-attachment":"scroll","background-type":"","background-media":"","overlay-type":"","overlay-color":"","overlay-opacity":"","overlay-gradient":""},"mobile":{"background-color":"var(--ast-global-color-5)","background-image":"","background-repeat":"repeat","background-position":"center center","background-size":"auto","background-attachment":"scroll","background-type":"","background-media":"","overlay-type":"","overlay-color":"","overlay-opacity":"","overlay-gradient":""}},"_joinchat":[],"footnotes":""},"class_list":["post-2244","page","type-page","status-publish","hentry"],"uagb_featured_image_src":{"full":false,"thumbnail":false,"medium":false,"medium_large":false,"large":false,"1536x1536":false,"2048x2048":false,"trp-custom-language-flag":false},"uagb_author_info":{"display_name":"joseantonioasensioperez@gmail.com","author_link":"https:\/\/reformasasensio.es\/en\/author\/joseantonioasensioperezgmail-com\/"},"uagb_comment_info":0,"uagb_excerpt":"En cumplimiento con el deber de informaci\u00f3n recogido en el art\u00edculo 10 de la Ley 34\/2002, de 11 de julio, de Servicios de la Sociedad de la Informaci\u00f3n y de Comercio Electr\u00f3nico (LSSI-CE), se informa de los siguientes datos: 1.Datos identificativos Nombre comercial: Reformas Asensio Titular: Jos\u00e9 Antonio Asensio P\u00e9rez NIF\/CIF: 77437146X Domicilio: Pulp\u00ed (Almer\u00eda),&hellip;","_links":{"self":[{"href":"https:\/\/reformasasensio.es\/en\/wp-json\/wp\/v2\/pages\/2244","targetHints":{"allow":["GET"]}}],"collection":[{"href":"https:\/\/reformasasensio.es\/en\/wp-json\/wp\/v2\/pages"}],"about":[{"href":"https:\/\/reformasasensio.es\/en\/wp-json\/wp\/v2\/types\/page"}],"author":[{"embeddable":true,"href":"https:\/\/reformasasensio.es\/en\/wp-json\/wp\/v2\/users\/1"}],"replies":[{"embeddable":true,"href":"https:\/\/reformasasensio.es\/en\/wp-json\/wp\/v2\/comments?post=2244"}],"version-history":[{"count":2,"href":"https:\/\/reformasasensio.es\/en\/wp-json\/wp\/v2\/pages\/2244\/revisions"}],"predecessor-version":[{"id":2246,"href":"https:\/\/reformasasensio.es\/en\/wp-json\/wp\/v2\/pages\/2244\/revisions\/2246"}],"wp:attachment":[{"href":"https:\/\/reformasasensio.es\/en\/wp-json\/wp\/v2\/media?parent=2244"}],"curies":[{"name":"wp","href":"https:\/\/api.w.org\/{rel}","templated":true}]}}